{"id":487,"date":"2021-01-10T16:34:10","date_gmt":"2021-01-10T16:34:10","guid":{"rendered":"https:\/\/psychotherapie-schreiber.de\/index.php\/impressum\/"},"modified":"2021-03-15T18:51:21","modified_gmt":"2021-03-15T18:51:21","slug":"impressum","status":"publish","type":"page","link":"https:\/\/psychotherapie-schreiber.de\/index.php\/impressum\/","title":{"rendered":"Impressum"},"content":{"rendered":"<div data-colibri-id=\"487-c1\" class=\"style-736 style-local-487-c1 position-relative\">\n  <!---->\n  <div data-colibri-component=\"section\" data-colibri-id=\"487-c2\" id=\"custom\" class=\"h-section h-section-global-spacing d-flex align-items-lg-center align-items-md-center align-items-center style-737 style-local-487-c2 position-relative\">\n    <!---->\n    <!---->\n    <div class=\"h-section-grid-container h-section-boxed-container\">\n      <!---->\n      <div data-colibri-id=\"487-c3\" class=\"h-row-container gutters-row-lg-2 gutters-row-md-2 gutters-row-0 gutters-row-v-lg-2 gutters-row-v-md-2 gutters-row-v-2 style-806 style-local-487-c3 position-relative\">\n        <!---->\n        <div class=\"h-row justify-content-lg-center justify-content-md-center justify-content-center align-items-lg-stretch align-items-md-stretch align-items-stretch gutters-col-lg-2 gutters-col-md-2 gutters-col-0 gutters-col-v-lg-2 gutters-col-v-md-2 gutters-col-v-2\">\n          <!---->\n          <div class=\"h-column h-column-container d-flex h-col-lg-auto h-col-md-auto h-col-auto style-807-outer style-local-487-c4-outer\">\n            <div data-colibri-id=\"487-c4\" class=\"d-flex h-flex-basis h-column__inner h-px-lg-2 h-px-md-2 h-px-2 v-inner-lg-2 v-inner-md-2 v-inner-2 style-807 style-local-487-c4 position-relative\">\n              <!---->\n              <!---->\n              <div class=\"w-100 h-y-container h-column__content h-column__v-align flex-basis-100 align-self-lg-start align-self-md-start align-self-start\">\n                <!---->\n                <div data-colibri-id=\"487-c5\" class=\"h-global-transition-all h-heading style-809 style-local-487-c5 position-relative h-element\">\n                  <!---->\n                  <div class=\"h-heading__outer style-809 style-local-487-c5\">\n                    <!---->\n                    <!---->\n                    <h1 class=\"\">Impressum<\/h1>\n                  <\/div>\n                <\/div>\n              <\/div>\n            <\/div>\n          <\/div>\n          <div class=\"h-column h-column-container d-flex h-col-lg-auto h-col-md-auto h-col-auto style-808-outer style-local-487-c6-outer\">\n            <div data-colibri-id=\"487-c6\" class=\"d-flex h-flex-basis h-column__inner h-ui-empty-state-container h-px-lg-2 h-px-md-2 h-px-2 v-inner-lg-2 v-inner-md-2 v-inner-2 style-808 style-local-487-c6 position-relative\">\n              <!---->\n              <!---->\n              <div class=\"w-100 h-y-container h-column__content h-column__v-align flex-basis-100\">\n                <!---->\n              <\/div>\n            <\/div>\n          <\/div>\n        <\/div>\n      <\/div>\n      <div data-colibri-id=\"487-c7\" class=\"h-row-container gutters-row-lg-2 gutters-row-md-2 gutters-row-0 gutters-row-v-lg-2 gutters-row-v-md-2 gutters-row-v-2 style-738 style-local-487-c7 position-relative\">\n        <!---->\n        <div class=\"h-row justify-content-lg-center justify-content-md-center justify-content-center align-items-lg-stretch align-items-md-stretch align-items-stretch gutters-col-lg-2 gutters-col-md-2 gutters-col-0 gutters-col-v-lg-2 gutters-col-v-md-2 gutters-col-v-2\">\n          <!---->\n          <div class=\"h-column h-column-container d-flex h-col-lg-auto h-col-md-auto h-col-auto style-739-outer style-local-487-c8-outer\">\n            <div data-colibri-id=\"487-c8\" class=\"d-flex h-flex-basis h-column__inner h-px-lg-2 h-px-md-2 h-px-2 v-inner-lg-2 v-inner-md-2 v-inner-2 style-739 style-local-487-c8 position-relative\">\n              <!---->\n              <!---->\n              <div class=\"w-100 h-y-container h-column__content h-column__v-align flex-basis-100 align-self-lg-start align-self-md-start align-self-start\">\n                <!---->\n                <div data-colibri-id=\"487-c9\" class=\"h-text h-text-component style-740 style-local-487-c9 position-relative h-element\">\n                  <!---->\n                  <!---->\n                  <div class=\"\">\n                    <h5>Angaben gem\u00e4\u00df \u00a7 5 TMG<\/h5>\n                    <p>Mareike Schreiber\n                      <br>Praxis f\u00fcr Psychotherapie nach dem Heilpraktikergesetz\n                      <br>Kirchhainer Str. 54\n                      <br>03238 Finsterwalde<\/p>\n                    <p>\n                      <br>\n                    <\/p>\n                    <h5>Kontakt<\/h5>\n                    <p>Tel.: 03531 501052\n                      <br>Mobil: 0151 40720574\n                      <br>Mail: m.schreiber@psychotherapie-schreiber.de<\/p>\n                    <p>\n                      <br>\n                    <\/p>\n                    <h5>Aufsichtsbeh\u00f6rde\n                      <br>\n                    <\/h5>\n                    <p>Landkreis Elbe-Elster\n                      <br> Ludwig-Jahn-Stra\u00dfe 2\n                      <br>04916 Herzberg\n                      <br>\n                      <br>\n                      <a href=\"https:\/\/www.lkee.de\" target=\"_blank\" class=\"customize-unpreviewable\" rel=\"noopener\">https:\/\/www.lkee.de\/<\/a>\n                    <\/p>\n                    <p>\n                      <br>\n                    <\/p>\n                    <h5>Berufsrechtliche Regelungen<\/h5>\n                    <p>Berufsbezeichnung: Psychotherapie nach dem Heilpraktikergesetz<\/p>\n                    <p>Gesetz \u00fcber die berufsm\u00e4\u00dfige Aus\u00fcbung der Heilkunde ohne \u00e4rztliche Bestallung (Heilpraktikergesetz) und Durchf\u00fchrungsverordnung:\n                      <br>\n                      <a href=\"https:\/\/www.gesetze-im-internet.de\/heilprg\/BJNR002510939.html\" target=\"_blank\" class=\"customize-unpreviewable\" rel=\"noopener\">https:\/\/www.gesetze-im-internet.de\/heilprg\/BJNR002510939.html<\/a>\n                    <\/p>\n                    <p>Berufsverbandsmitgliedschaft in: Deutsche Gesellschaft f\u00fcr Gesundheit und Pr\u00e4vention e.V. (DGGP)<\/p>\n                    <p>\n                      <br>\n                    <\/p>\n                    <h5>Angaben zur Berufshaftpflichtversicherung<\/h5>\n                    <p>\n                      <u>Name und Sitz des Versicherers<\/u>\n                      <br>Continentale Krankenversicherung a.G.\n                      <br>Ruhrallee 92\n                      <br>44139 Dortmund 2 \/ 4\n                      <br>\n                      <u>\n                        <br>Geltungsraum der Versicherung<\/u>:\n                      <br>Deutschland<\/p>\n                    <p>\n                      <br>\n                    <\/p>\n                    <h5>Haftung f\u00fcr Links<\/h5>\n                    <p>Unser Angebot enth\u00e4lt Links zu externen Websites Dritter, auf deren Inhalte wir keinen Einfluss haben. Deshalb k\u00f6nnen wir f\u00fcr diese fremden Inhalte auch keine Gew\u00e4hr \u00fcbernehmen. F\u00fcr die Inhalte der verlinkten Seiten ist stets der jeweilige\n                      Anbieter oder Betreiber der Seiten verantwortlich. Die verlinkten Seiten wurden zum Zeitpunkt der Verlinkung auf m\u00f6gliche Rechtsverst\u00f6\u00dfe \u00fcberpr\u00fcft. Rechtswidrige Inhalte waren zum Zeitpunkt der Verlinkung nicht erkennbar. Eine permanente\n                      inhaltliche Kontrolle der verlinkten Seiten ist jedoch ohne konkrete Anhaltspunkte einer Rechtsverletzung nicht zumutbar. Bei Bekanntwerden von Rechtsverletzungen werden wir derartige Links umgehend entfernen.<\/p>\n                    <p>\n                      <br>\n                    <\/p>\n                    <h5>Urheberrecht<\/h5>\n                    <p>Die durch die Seitenbetreiber erstellten Inhalte und Werke auf diesen Seiten unterliegen dem deutschen Urheberrecht. Die Vervielf\u00e4ltigung, Bearbeitung, Verbreitung und jede Art der Verwertung au\u00dferhalb der Grenzen des Urheberrechtes\n                      bed\u00fcrfen der schriftlichen Zustimmung des jeweiligen Autors bzw. Erstellers. Downloads und Kopien dieser Seite sind nur f\u00fcr den privaten, nicht kommerziellen Gebrauch gestattet. Soweit die Inhalte auf dieser Seite nicht vom Betreiber\n                      erstellt wurden, werden die Urheberrechte Dritter beachtet. Insbesondere werden Inhalte Dritter als solche gekennzeichnet. Sollten Sie trotzdem auf eine Urheberrechtsverletzung aufmerksam werden, bitten wir um einen entsprechenden\n                      Hinweis. Bei Bekanntwerden von Rechtsverletzungen werden wir derartige Inhalte umgehend entfernen.<\/p>\n                    <p>\n                      <br>\n                    <\/p>\n                    <h5>Bildrechte<\/h5>\n                    <p>Illustration Hauptseite und Unterseiten: iStock\n                      <br>Fotografie Rohnfeld (Daniela Rohnfeld)\n                      <br>Weitere Abbildungen: Mareike Schreiber<\/p>\n                    <p>\n                      <br>\n                    <\/p>\n                    <h5><span style=\"color: rgb(70, 112, 127); font-family: &quot;Open Sans&quot;; font-size: 16px; font-weight: 400;\">Weitere rechtliche Hinweise<\/span><\/h5>\n                    <p><span style=\"color: rgb(70, 112, 127); font-family: &quot;Open Sans&quot;; font-size: 16px; font-weight: 400;\">Durch sorgf\u00e4ltige Pr\u00fcfung obliegt die Website der konstanten Kontrolle auf die\u00adser Inter\u00adnet\u00adpr\u00e4\u00adsenz aus\u00adschlie\u00df\u00adlich rich\u00adtige und voll\u00adst\u00e4n\u00addige Infor\u00adma\u00adtio\u00adnen zur Ver\u00adf\u00fc\u00adgung zu stel\u00adlen. Gleich\u00adwohl besteht keine Garan\u00adtie f\u00fcr die Aktua\u00adli\u00adt\u00e4t, Rich\u00adtig\u00adkeit und Voll\u00adst\u00e4n\u00addig\u00adkeit der auf die\u00adser Web\u00adseite bereit\u00adge\u00adstell\u00adten Infor\u00adma\u00adtio\u00adnen. Ich behal\u00adt mir vor, Teile der Sei\u00adten, Dateien oder die gesamte Inter\u00adnet\u00adpr\u00e4\u00adsenz ohne geson\u00adderte Ank\u00fcn\u00addi\u00adgung zu ver\u00ad\u00e4n\u00addern, zu erg\u00e4n\u00adzen, zu l\u00f6schen oder den Betrieb der Seite zeit\u00adweise oder end\u00adg\u00fcl\u00adtig einzustellen.<\/span><\/p>\n                    <p>\n                      <br>\n                    <\/p>\n                    <p>\n                      <br>\n                    <\/p>\n                    <p>\n                      <br>\n                    <\/p>\n                  <\/div>\n                <\/div>\n              <\/div>\n            <\/div>\n          <\/div>\n        <\/div>\n      <\/div>\n    <\/div>\n  <\/div>\n<\/div>","protected":false},"excerpt":{"rendered":"<p>Impressum Angaben gem\u00e4\u00df \u00a7 5 TMG Mareike Schreiber Praxis f\u00fcr Psychotherapie nach dem Heilpraktikergesetz Kirchhainer Str. 54 03238 Finsterwalde Kontakt Tel.: 03531 501052 Mobil: 0151 40720574 Mail: m.schreiber@psychotherapie-schreiber.de Aufsichtsbeh\u00f6rde Landkreis Elbe-Elster Ludwig-Jahn-Stra\u00dfe 2 04916 Herzberg https:\/\/www.lkee.de\/ Berufsrechtliche Regelungen Berufsbezeichnung: Psychotherapie nach dem Heilpraktikergesetz Gesetz \u00fcber die berufsm\u00e4\u00dfige Aus\u00fcbung der Heilkunde ohne \u00e4rztliche Bestallung (Heilpraktikergesetz) und [&hellip;]<\/p>\n","protected":false},"author":1,"featured_media":0,"parent":0,"menu_order":0,"comment_status":"closed","ping_status":"closed","template":"page-templates\/full-width-page.php","meta":{"footnotes":""},"yoast_head":"<!-- This site is optimized with the Yoast SEO plugin v22.7 - https:\/\/yoast.com\/wordpress\/plugins\/seo\/ -->\n<title>Impressum - psychotherapie-schreiber.de<\/title>\n<meta name=\"robots\" content=\"index, follow, max-snippet:-1, max-image-preview:large, max-video-preview:-1\" \/>\n<link rel=\"canonical\" href=\"https:\/\/psychotherapie-schreiber.de\/index.php\/impressum\/\" \/>\n<meta property=\"og:locale\" content=\"de_DE\" \/>\n<meta property=\"og:type\" content=\"article\" \/>\n<meta property=\"og:title\" content=\"Impressum - psychotherapie-schreiber.de\" \/>\n<meta property=\"og:description\" content=\"Impressum Angaben gem\u00e4\u00df \u00a7 5 TMG Mareike Schreiber Praxis f\u00fcr Psychotherapie nach dem Heilpraktikergesetz Kirchhainer Str. 54 03238 Finsterwalde Kontakt Tel.: 03531 501052 Mobil: 0151 40720574 Mail: m.schreiber@psychotherapie-schreiber.de Aufsichtsbeh\u00f6rde Landkreis Elbe-Elster Ludwig-Jahn-Stra\u00dfe 2 04916 Herzberg https:\/\/www.lkee.de\/ Berufsrechtliche Regelungen Berufsbezeichnung: Psychotherapie nach dem Heilpraktikergesetz Gesetz \u00fcber die berufsm\u00e4\u00dfige Aus\u00fcbung der Heilkunde ohne \u00e4rztliche Bestallung (Heilpraktikergesetz) und [&hellip;]\" \/>\n<meta property=\"og:url\" content=\"https:\/\/psychotherapie-schreiber.de\/index.php\/impressum\/\" \/>\n<meta property=\"og:site_name\" content=\"psychotherapie-schreiber.de\" \/>\n<meta property=\"article:modified_time\" content=\"2021-03-15T18:51:21+00:00\" \/>\n<meta name=\"twitter:card\" content=\"summary_large_image\" \/>\n<meta name=\"twitter:label1\" content=\"Gesch\u00e4tzte Lesezeit\" \/>\n\t<meta name=\"twitter:data1\" content=\"2\u00a0Minuten\" \/>\n<script type=\"application\/ld+json\" class=\"yoast-schema-graph\">{\"@context\":\"https:\/\/schema.org\",\"@graph\":[{\"@type\":\"WebPage\",\"@id\":\"https:\/\/psychotherapie-schreiber.de\/index.php\/impressum\/\",\"url\":\"https:\/\/psychotherapie-schreiber.de\/index.php\/impressum\/\",\"name\":\"Impressum - psychotherapie-schreiber.de\",\"isPartOf\":{\"@id\":\"https:\/\/psychotherapie-schreiber.de\/#website\"},\"datePublished\":\"2021-01-10T16:34:10+00:00\",\"dateModified\":\"2021-03-15T18:51:21+00:00\",\"breadcrumb\":{\"@id\":\"https:\/\/psychotherapie-schreiber.de\/index.php\/impressum\/#breadcrumb\"},\"inLanguage\":\"de\",\"potentialAction\":[{\"@type\":\"ReadAction\",\"target\":[\"https:\/\/psychotherapie-schreiber.de\/index.php\/impressum\/\"]}]},{\"@type\":\"BreadcrumbList\",\"@id\":\"https:\/\/psychotherapie-schreiber.de\/index.php\/impressum\/#breadcrumb\",\"itemListElement\":[{\"@type\":\"ListItem\",\"position\":1,\"name\":\"Home\",\"item\":\"https:\/\/psychotherapie-schreiber.de\/\"},{\"@type\":\"ListItem\",\"position\":2,\"name\":\"Impressum\"}]},{\"@type\":\"WebSite\",\"@id\":\"https:\/\/psychotherapie-schreiber.de\/#website\",\"url\":\"https:\/\/psychotherapie-schreiber.de\/\",\"name\":\"psychotherapie-schreiber.de\",\"description\":\"Herzlich Willkommen in meiner Praxis f\u00fcr Psychotherapie nach dem Heilpraktikergesetz  Mareike Schreiber\",\"potentialAction\":[{\"@type\":\"SearchAction\",\"target\":{\"@type\":\"EntryPoint\",\"urlTemplate\":\"https:\/\/psychotherapie-schreiber.de\/?s={search_term_string}\"},\"query-input\":\"required name=search_term_string\"}],\"inLanguage\":\"de\"}]}<\/script>\n<!-- \/ Yoast SEO plugin. -->","yoast_head_json":{"title":"Impressum - psychotherapie-schreiber.de","robots":{"index":"index","follow":"follow","max-snippet":"max-snippet:-1","max-image-preview":"max-image-preview:large","max-video-preview":"max-video-preview:-1"},"canonical":"https:\/\/psychotherapie-schreiber.de\/index.php\/impressum\/","og_locale":"de_DE","og_type":"article","og_title":"Impressum - psychotherapie-schreiber.de","og_description":"Impressum Angaben gem\u00e4\u00df \u00a7 5 TMG Mareike Schreiber Praxis f\u00fcr Psychotherapie nach dem Heilpraktikergesetz Kirchhainer Str. 54 03238 Finsterwalde Kontakt Tel.: 03531 501052 Mobil: 0151 40720574 Mail: m.schreiber@psychotherapie-schreiber.de Aufsichtsbeh\u00f6rde Landkreis Elbe-Elster Ludwig-Jahn-Stra\u00dfe 2 04916 Herzberg https:\/\/www.lkee.de\/ Berufsrechtliche Regelungen Berufsbezeichnung: Psychotherapie nach dem Heilpraktikergesetz Gesetz \u00fcber die berufsm\u00e4\u00dfige Aus\u00fcbung der Heilkunde ohne \u00e4rztliche Bestallung (Heilpraktikergesetz) und [&hellip;]","og_url":"https:\/\/psychotherapie-schreiber.de\/index.php\/impressum\/","og_site_name":"psychotherapie-schreiber.de","article_modified_time":"2021-03-15T18:51:21+00:00","twitter_card":"summary_large_image","twitter_misc":{"Gesch\u00e4tzte Lesezeit":"2\u00a0Minuten"},"schema":{"@context":"https:\/\/schema.org","@graph":[{"@type":"WebPage","@id":"https:\/\/psychotherapie-schreiber.de\/index.php\/impressum\/","url":"https:\/\/psychotherapie-schreiber.de\/index.php\/impressum\/","name":"Impressum - psychotherapie-schreiber.de","isPartOf":{"@id":"https:\/\/psychotherapie-schreiber.de\/#website"},"datePublished":"2021-01-10T16:34:10+00:00","dateModified":"2021-03-15T18:51:21+00:00","breadcrumb":{"@id":"https:\/\/psychotherapie-schreiber.de\/index.php\/impressum\/#breadcrumb"},"inLanguage":"de","potentialAction":[{"@type":"ReadAction","target":["https:\/\/psychotherapie-schreiber.de\/index.php\/impressum\/"]}]},{"@type":"BreadcrumbList","@id":"https:\/\/psychotherapie-schreiber.de\/index.php\/impressum\/#breadcrumb","itemListElement":[{"@type":"ListItem","position":1,"name":"Home","item":"https:\/\/psychotherapie-schreiber.de\/"},{"@type":"ListItem","position":2,"name":"Impressum"}]},{"@type":"WebSite","@id":"https:\/\/psychotherapie-schreiber.de\/#website","url":"https:\/\/psychotherapie-schreiber.de\/","name":"psychotherapie-schreiber.de","description":"Herzlich Willkommen in meiner Praxis f\u00fcr Psychotherapie nach dem Heilpraktikergesetz  Mareike Schreiber","potentialAction":[{"@type":"SearchAction","target":{"@type":"EntryPoint","urlTemplate":"https:\/\/psychotherapie-schreiber.de\/?s={search_term_string}"},"query-input":"required name=search_term_string"}],"inLanguage":"de"}]}},"_links":{"self":[{"href":"https:\/\/psychotherapie-schreiber.de\/index.php\/wp-json\/wp\/v2\/pages\/487"}],"collection":[{"href":"https:\/\/psychotherapie-schreiber.de\/index.php\/wp-json\/wp\/v2\/pages"}],"about":[{"href":"https:\/\/psychotherapie-schreiber.de\/index.php\/wp-json\/wp\/v2\/types\/page"}],"author":[{"embeddable":true,"href":"https:\/\/psychotherapie-schreiber.de\/index.php\/wp-json\/wp\/v2\/users\/1"}],"replies":[{"embeddable":true,"href":"https:\/\/psychotherapie-schreiber.de\/index.php\/wp-json\/wp\/v2\/comments?post=487"}],"version-history":[{"count":7,"href":"https:\/\/psychotherapie-schreiber.de\/index.php\/wp-json\/wp\/v2\/pages\/487\/revisions"}],"predecessor-version":[{"id":1544,"href":"https:\/\/psychotherapie-schreiber.de\/index.php\/wp-json\/wp\/v2\/pages\/487\/revisions\/1544"}],"wp:attachment":[{"href":"https:\/\/psychotherapie-schreiber.de\/index.php\/wp-json\/wp\/v2\/media?parent=487"}],"curies":[{"name":"wp","href":"https:\/\/api.w.org\/{rel}","templated":true}]}}