{"id":460,"date":"2021-01-10T16:05:40","date_gmt":"2021-01-10T16:05:40","guid":{"rendered":"https:\/\/psychotherapie-schreiber.de\/index.php\/kosten\/"},"modified":"2023-10-18T17:59:59","modified_gmt":"2023-10-18T17:59:59","slug":"kosten","status":"publish","type":"page","link":"https:\/\/psychotherapie-schreiber.de\/index.php\/kosten\/","title":{"rendered":"Kosten"},"content":{"rendered":"<div data-colibri-id=\"460-c1\" class=\"style-688 style-local-460-c1 position-relative\">\n  <!---->\n  <div data-colibri-component=\"section\" data-colibri-id=\"460-c2\" id=\"overlappable-3\" class=\"h-section h-section-global-spacing d-flex align-items-lg-center align-items-md-center align-items-center style-870 style-local-460-c2 position-relative\">\n    <!---->\n    <!---->\n    <div class=\"h-section-grid-container h-section-boxed-container\">\n      <!---->\n      <div data-colibri-id=\"460-c3\" class=\"h-row-container gutters-row-lg-2 gutters-row-md-0 gutters-row-2 gutters-row-v-lg-2 gutters-row-v-md-0 gutters-row-v-2 style-871 style-local-460-c3 position-relative\">\n        <!---->\n        <div class=\"h-row justify-content-lg-center justify-content-md-center justify-content-center align-items-lg-stretch align-items-md-stretch align-items-stretch gutters-col-lg-2 gutters-col-md-0 gutters-col-2 gutters-col-v-lg-2 gutters-col-v-md-0 gutters-col-v-2\">\n          <!---->\n          <div class=\"h-column h-column-container d-flex h-col-lg-4 h-col-md-4 h-col-12 style-872-outer style-local-460-c4-outer\">\n            <div data-colibri-id=\"460-c4\" class=\"d-flex h-flex-basis h-column__inner h-px-lg-2 h-px-md-3 h-px-2 v-inner-lg-0 v-inner-md-3 v-inner-2 style-872 style-local-460-c4 position-relative\">\n              <!---->\n              <!---->\n              <div class=\"w-100 h-y-container h-column__content h-column__v-align flex-basis-100 align-self-lg-start align-self-md-start align-self-start\">\n                <!---->\n                <div data-colibri-id=\"460-c5\" class=\"h-icon style-873 style-local-460-c5 position-relative h-element\">\n                  <!----><span class=\"h-svg-icon h-icon__icon style-873-icon style-local-460-c5-icon\"><!--Icon by Font Awesome (https:\/\/fontawesome.com)--><svg version=\"1.1\" xmlns=\"http:\/\/www.w3.org\/2000\/svg\" xmlns:xlink=\"http:\/\/www.w3.org\/1999\/xlink\" id=\"pencil-square-o\" viewBox=\"0 0 1792 1896.0833\"><path d=\"M888 1184l116-116-152-152-116 116v56h96v96h56zm440-720q-16-16-33 1L945 815q-17 17-1 33t33-1l350-350q17-17 1-33zm80 594v190q0 119-84.5 203.5T1120 1536H288q-119 0-203.5-84.5T0 1248V416q0-119 84.5-203.5T288 128h832q63 0 117 25 15 7 18 23 3 17-9 29l-49 49q-14 14-32 8-23-6-45-6H288q-66 0-113 47t-47 113v832q0 66 47 113t113 47h832q66 0 113-47t47-113v-126q0-13 9-22l64-64q15-15 35-7t20 29zm-96-738l288 288-672 672H640V992zm444 132l-92 92-288-288 92-92q28-28 68-28t68 28l152 152q28 28 28 68t-28 68z\"><\/path><\/svg><\/span><\/div>\n                <div\n                  data-colibri-id=\"460-c6\" class=\"h-global-transition-all h-heading style-874 style-local-460-c6 position-relative h-element\">\n                  <!---->\n                  <div class=\"h-heading__outer style-874 style-local-460-c6\">\n                    <!---->\n                    <!---->\n                    <h5 class=\"\">Therapiestunde<\/h5>\n                  <\/div>\n              <\/div>\n              <div data-colibri-id=\"460-c7\" class=\"h-text h-text-component style-875 style-local-460-c7 position-relative h-element\">\n                <!---->\n                <!---->\n                <div class=\"\">\n                  <p>Kosten f\u00fcr eine Therapiestunde \u00e0 50 Minuten:<\/p>\n                  <p>80,00 \u20ac<\/p>\n                <\/div>\n              <\/div>\n            <\/div>\n          <\/div>\n        <\/div>\n        <div class=\"h-column h-column-container d-flex h-col-lg-4 h-col-md-4 h-col-12 style-872-outer style-local-460-c8-outer\">\n          <div data-colibri-id=\"460-c8\" class=\"d-flex h-flex-basis h-column__inner h-px-lg-2 h-px-md-3 h-px-2 v-inner-lg-0 v-inner-md-3 v-inner-2 style-872 style-local-460-c8 position-relative\">\n            <!---->\n            <!---->\n            <div class=\"w-100 h-y-container h-column__content h-column__v-align flex-basis-100 align-self-lg-start align-self-md-start align-self-start\">\n              <!---->\n              <div data-colibri-id=\"460-c9\" class=\"h-icon style-873 style-local-460-c9 position-relative h-element\">\n                <!----><span class=\"h-svg-icon h-icon__icon style-873-icon style-local-460-c9-icon\"><!--Icon by Font Awesome (https:\/\/fontawesome.com)--><svg version=\"1.1\" xmlns=\"http:\/\/www.w3.org\/2000\/svg\" xmlns:xlink=\"http:\/\/www.w3.org\/1999\/xlink\" id=\"home\" viewBox=\"0 0 1664 1896.0833\"><path d=\"M1408 992v480q0 26-19 45t-45 19H960v-384H704v384H320q-26 0-45-19t-19-45V992q0-1 .5-3t.5-3l575-474 575 474q1 2 1 6zm223-69l-62 74q-8 9-21 11h-3q-13 0-21-7L832 424l-692 577q-12 8-24 7-13-2-21-11l-62-74q-8-10-7-23.5T37 878l719-599q32-26 76-26t76 26l244 204V288q0-14 9-23t23-9h192q14 0 23 9t9 23v408l219 182q10 8 11 21.5t-7 23.5z\"><\/path><\/svg><\/span><\/div>\n              <div\n                data-colibri-id=\"460-c10\" class=\"h-global-transition-all h-heading style-874 style-local-460-c10 position-relative h-element\">\n                <!---->\n                <div class=\"h-heading__outer style-874 style-local-460-c10\">\n                  <!---->\n                  <!---->\n                  <h5 class=\"\">PRIVATVERSICHERTE &amp; GESETZLICH VERSICHERTE MIT ZUSATZVERSICHERUNG<\/h5>\n                <\/div>\n            <\/div>\n            <div data-colibri-id=\"460-c11\" class=\"h-text h-text-component style-875 style-local-460-c11 position-relative h-element\">\n              <!---->\n              <!---->\n              <div class=\"\">\n                <p><span style=\"font-weight: 400; font-size: 16px; font-family: &quot;Open Sans&quot;; color: rgb(70, 112, 127);\">Entsprechend Ihrer Vertragsbedingungen \u00fcbernimmt Ihre Versicherung bzw. Beihilfe die Kosten. Bitte \u00fcberpr\u00fcfen Sie dies bei Ihrer Krankenkasse.<\/span><\/p>\n              <\/div>\n            <\/div>\n          <\/div>\n        <\/div>\n      <\/div>\n      <div class=\"h-column h-column-container d-flex h-col-lg-4 h-col-md-4 h-col-12 style-872-outer style-local-460-c12-outer\">\n        <div data-colibri-id=\"460-c12\" class=\"d-flex h-flex-basis h-column__inner h-px-lg-2 h-px-md-3 h-px-2 v-inner-lg-0 v-inner-md-3 v-inner-2 style-872 style-local-460-c12 position-relative\">\n          <!---->\n          <!---->\n          <div class=\"w-100 h-y-container h-column__content h-column__v-align flex-basis-100 align-self-lg-start align-self-md-start align-self-start\">\n            <!---->\n            <div data-colibri-id=\"460-c13\" class=\"h-icon style-873 style-local-460-c13 position-relative h-element\">\n              <!----><span class=\"h-svg-icon h-icon__icon style-873-icon style-local-460-c13-icon\"><!--Icon by Icons8 Line Awesome (https:\/\/icons8.com\/line-awesome)--><svg version=\"1.1\" xmlns=\"http:\/\/www.w3.org\/2000\/svg\" xmlns:xlink=\"http:\/\/www.w3.org\/1999\/xlink\" id=\"money\" viewBox=\"0 0 512 545.5\"><path d=\"M447 108l12 68h-32.5l-5.5-31-181 31H50.5zM32 192h448v256H32V192zm79 32c.533 2.603 1 5.238 1 8 0 22.092-17.908 40-40 40-2.762 0-5.396-.467-8-1v98c2.603-.533 5.238-1 8-1 22.092 0 40 17.908 40 40 0 2.762-.467 5.396-1 8h290c-.533-2.603-1-5.238-1-8 0-22.092 17.908-40 40-40 2.762 0 5.396.467 8 1v-98c-2.603.533-5.238 1-8 1-22.092 0-40-17.908-40-40 0-2.762.467-5.396 1-8H111zm145 16c43.993 0 80 36.007 80 80s-36.007 80-80 80-80-36.007-80-80 36.007-80 80-80zm0 32c-26.7 0-48 21.3-48 48s21.3 48 48 48 48-21.3 48-48-21.3-48-48-48z\"><\/path><\/svg><\/span><\/div>\n            <div\n              data-colibri-id=\"460-c14\" class=\"h-global-transition-all h-heading style-874 style-local-460-c14 position-relative h-element\">\n              <!---->\n              <div class=\"h-heading__outer style-874 style-local-460-c14\">\n                <!---->\n                <!---->\n                <h5 class=\"\">SOZIALES HONORAR \/ GERINGVERDIENER<\/h5>\n              <\/div>\n          <\/div>\n          <div data-colibri-id=\"460-c15\" class=\"h-text h-text-component style-875 style-local-460-c15 position-relative h-element\">\n            <!---->\n            <!---->\n            <div class=\"\">\n              <p><span style=\"font-weight: 400; font-size: 16px; font-family: &quot;Open Sans&quot;; color: rgb(70, 112, 127);\">Menschen mit geringem Einkommen k\u00f6nnen einen Therapieplatz zu einem geringeren Honorar bekommen. Bitte sprechen Sie mich an.<\/span><\/p>\n            <\/div>\n          <\/div>\n        <\/div>\n      <\/div>\n    <\/div>\n  <\/div>\n<\/div>\n<\/div>\n<\/div>\n<\/div>","protected":false},"excerpt":{"rendered":"<p>Therapiestunde Kosten f\u00fcr eine Therapiestunde \u00e0 50 Minuten: 80,00 \u20ac PRIVATVERSICHERTE &amp; GESETZLICH VERSICHERTE MIT ZUSATZVERSICHERUNG Entsprechend Ihrer Vertragsbedingungen \u00fcbernimmt Ihre Versicherung bzw. Beihilfe die Kosten. Bitte \u00fcberpr\u00fcfen Sie dies bei Ihrer Krankenkasse. SOZIALES HONORAR \/ GERINGVERDIENER Menschen mit geringem Einkommen k\u00f6nnen einen Therapieplatz zu einem geringeren Honorar bekommen. Bitte sprechen Sie mich an.<\/p>\n","protected":false},"author":1,"featured_media":0,"parent":0,"menu_order":0,"comment_status":"closed","ping_status":"closed","template":"page-templates\/full-width-page.php","meta":{"footnotes":""},"yoast_head":"<!-- This site is optimized with the Yoast SEO plugin v22.7 - https:\/\/yoast.com\/wordpress\/plugins\/seo\/ -->\n<title>Kosten - psychotherapie-schreiber.de<\/title>\n<meta name=\"robots\" content=\"index, follow, max-snippet:-1, max-image-preview:large, max-video-preview:-1\" \/>\n<link rel=\"canonical\" href=\"https:\/\/psychotherapie-schreiber.de\/index.php\/kosten\/\" \/>\n<meta property=\"og:locale\" content=\"de_DE\" \/>\n<meta property=\"og:type\" content=\"article\" \/>\n<meta property=\"og:title\" content=\"Kosten - psychotherapie-schreiber.de\" \/>\n<meta property=\"og:description\" content=\"Therapiestunde Kosten f\u00fcr eine Therapiestunde \u00e0 50 Minuten: 80,00 \u20ac PRIVATVERSICHERTE &amp; GESETZLICH VERSICHERTE MIT ZUSATZVERSICHERUNG Entsprechend Ihrer Vertragsbedingungen \u00fcbernimmt Ihre Versicherung bzw. Beihilfe die Kosten. Bitte \u00fcberpr\u00fcfen Sie dies bei Ihrer Krankenkasse. SOZIALES HONORAR \/ GERINGVERDIENER Menschen mit geringem Einkommen k\u00f6nnen einen Therapieplatz zu einem geringeren Honorar bekommen. Bitte sprechen Sie mich an.\" \/>\n<meta property=\"og:url\" content=\"https:\/\/psychotherapie-schreiber.de\/index.php\/kosten\/\" \/>\n<meta property=\"og:site_name\" content=\"psychotherapie-schreiber.de\" \/>\n<meta property=\"article:modified_time\" content=\"2023-10-18T17:59:59+00:00\" \/>\n<meta name=\"twitter:card\" content=\"summary_large_image\" \/>\n<script type=\"application\/ld+json\" class=\"yoast-schema-graph\">{\"@context\":\"https:\/\/schema.org\",\"@graph\":[{\"@type\":\"WebPage\",\"@id\":\"https:\/\/psychotherapie-schreiber.de\/index.php\/kosten\/\",\"url\":\"https:\/\/psychotherapie-schreiber.de\/index.php\/kosten\/\",\"name\":\"Kosten - psychotherapie-schreiber.de\",\"isPartOf\":{\"@id\":\"https:\/\/psychotherapie-schreiber.de\/#website\"},\"datePublished\":\"2021-01-10T16:05:40+00:00\",\"dateModified\":\"2023-10-18T17:59:59+00:00\",\"breadcrumb\":{\"@id\":\"https:\/\/psychotherapie-schreiber.de\/index.php\/kosten\/#breadcrumb\"},\"inLanguage\":\"de\",\"potentialAction\":[{\"@type\":\"ReadAction\",\"target\":[\"https:\/\/psychotherapie-schreiber.de\/index.php\/kosten\/\"]}]},{\"@type\":\"BreadcrumbList\",\"@id\":\"https:\/\/psychotherapie-schreiber.de\/index.php\/kosten\/#breadcrumb\",\"itemListElement\":[{\"@type\":\"ListItem\",\"position\":1,\"name\":\"Home\",\"item\":\"https:\/\/psychotherapie-schreiber.de\/\"},{\"@type\":\"ListItem\",\"position\":2,\"name\":\"Kosten\"}]},{\"@type\":\"WebSite\",\"@id\":\"https:\/\/psychotherapie-schreiber.de\/#website\",\"url\":\"https:\/\/psychotherapie-schreiber.de\/\",\"name\":\"psychotherapie-schreiber.de\",\"description\":\"Herzlich Willkommen in meiner Praxis f\u00fcr Psychotherapie nach dem Heilpraktikergesetz  Mareike Schreiber\",\"potentialAction\":[{\"@type\":\"SearchAction\",\"target\":{\"@type\":\"EntryPoint\",\"urlTemplate\":\"https:\/\/psychotherapie-schreiber.de\/?s={search_term_string}\"},\"query-input\":\"required name=search_term_string\"}],\"inLanguage\":\"de\"}]}<\/script>\n<!-- \/ Yoast SEO plugin. -->","yoast_head_json":{"title":"Kosten - psychotherapie-schreiber.de","robots":{"index":"index","follow":"follow","max-snippet":"max-snippet:-1","max-image-preview":"max-image-preview:large","max-video-preview":"max-video-preview:-1"},"canonical":"https:\/\/psychotherapie-schreiber.de\/index.php\/kosten\/","og_locale":"de_DE","og_type":"article","og_title":"Kosten - psychotherapie-schreiber.de","og_description":"Therapiestunde Kosten f\u00fcr eine Therapiestunde \u00e0 50 Minuten: 80,00 \u20ac PRIVATVERSICHERTE &amp; GESETZLICH VERSICHERTE MIT ZUSATZVERSICHERUNG Entsprechend Ihrer Vertragsbedingungen \u00fcbernimmt Ihre Versicherung bzw. Beihilfe die Kosten. Bitte \u00fcberpr\u00fcfen Sie dies bei Ihrer Krankenkasse. SOZIALES HONORAR \/ GERINGVERDIENER Menschen mit geringem Einkommen k\u00f6nnen einen Therapieplatz zu einem geringeren Honorar bekommen. Bitte sprechen Sie mich an.","og_url":"https:\/\/psychotherapie-schreiber.de\/index.php\/kosten\/","og_site_name":"psychotherapie-schreiber.de","article_modified_time":"2023-10-18T17:59:59+00:00","twitter_card":"summary_large_image","schema":{"@context":"https:\/\/schema.org","@graph":[{"@type":"WebPage","@id":"https:\/\/psychotherapie-schreiber.de\/index.php\/kosten\/","url":"https:\/\/psychotherapie-schreiber.de\/index.php\/kosten\/","name":"Kosten - psychotherapie-schreiber.de","isPartOf":{"@id":"https:\/\/psychotherapie-schreiber.de\/#website"},"datePublished":"2021-01-10T16:05:40+00:00","dateModified":"2023-10-18T17:59:59+00:00","breadcrumb":{"@id":"https:\/\/psychotherapie-schreiber.de\/index.php\/kosten\/#breadcrumb"},"inLanguage":"de","potentialAction":[{"@type":"ReadAction","target":["https:\/\/psychotherapie-schreiber.de\/index.php\/kosten\/"]}]},{"@type":"BreadcrumbList","@id":"https:\/\/psychotherapie-schreiber.de\/index.php\/kosten\/#breadcrumb","itemListElement":[{"@type":"ListItem","position":1,"name":"Home","item":"https:\/\/psychotherapie-schreiber.de\/"},{"@type":"ListItem","position":2,"name":"Kosten"}]},{"@type":"WebSite","@id":"https:\/\/psychotherapie-schreiber.de\/#website","url":"https:\/\/psychotherapie-schreiber.de\/","name":"psychotherapie-schreiber.de","description":"Herzlich Willkommen in meiner Praxis f\u00fcr Psychotherapie nach dem Heilpraktikergesetz  Mareike Schreiber","potentialAction":[{"@type":"SearchAction","target":{"@type":"EntryPoint","urlTemplate":"https:\/\/psychotherapie-schreiber.de\/?s={search_term_string}"},"query-input":"required name=search_term_string"}],"inLanguage":"de"}]}},"_links":{"self":[{"href":"https:\/\/psychotherapie-schreiber.de\/index.php\/wp-json\/wp\/v2\/pages\/460"}],"collection":[{"href":"https:\/\/psychotherapie-schreiber.de\/index.php\/wp-json\/wp\/v2\/pages"}],"about":[{"href":"https:\/\/psychotherapie-schreiber.de\/index.php\/wp-json\/wp\/v2\/types\/page"}],"author":[{"embeddable":true,"href":"https:\/\/psychotherapie-schreiber.de\/index.php\/wp-json\/wp\/v2\/users\/1"}],"replies":[{"embeddable":true,"href":"https:\/\/psychotherapie-schreiber.de\/index.php\/wp-json\/wp\/v2\/comments?post=460"}],"version-history":[{"count":6,"href":"https:\/\/psychotherapie-schreiber.de\/index.php\/wp-json\/wp\/v2\/pages\/460\/revisions"}],"predecessor-version":[{"id":1712,"href":"https:\/\/psychotherapie-schreiber.de\/index.php\/wp-json\/wp\/v2\/pages\/460\/revisions\/1712"}],"wp:attachment":[{"href":"https:\/\/psychotherapie-schreiber.de\/index.php\/wp-json\/wp\/v2\/media?parent=460"}],"curies":[{"name":"wp","href":"https:\/\/api.w.org\/{rel}","templated":true}]}}