{"id":338,"date":"2019-01-28T16:52:50","date_gmt":"2019-01-28T16:52:50","guid":{"rendered":"http:\/\/10.44.205.4\/wp\/adi\/site-28jan19-1852\/?page_id=3"},"modified":"2021-03-15T18:52:36","modified_gmt":"2021-03-15T18:52:36","slug":"kontakt","status":"publish","type":"page","link":"https:\/\/psychotherapie-schreiber.de\/index.php\/kontakt\/","title":{"rendered":"Kontakt"},"content":{"rendered":"<div data-colibri-id=\"338-c1\" class=\"style-775 style-local-338-c1 position-relative\">\n  <!---->\n  <div data-colibri-component=\"section\" data-colibri-id=\"338-c2\" id=\"custom\" class=\"h-section h-section-global-spacing d-flex align-items-lg-center align-items-md-center align-items-center style-785 style-local-338-c2 position-relative\">\n    <!---->\n    <!---->\n    <div class=\"h-section-grid-container h-section-boxed-container\">\n      <!---->\n      <div data-colibri-id=\"338-c3\" class=\"h-row-container gutters-row-lg-2 gutters-row-md-2 gutters-row-0 gutters-row-v-lg-2 gutters-row-v-md-2 gutters-row-v-2 style-789 style-local-338-c3 position-relative\">\n        <!---->\n        <div class=\"h-row justify-content-lg-center justify-content-md-center justify-content-center align-items-lg-stretch align-items-md-stretch align-items-stretch gutters-col-lg-2 gutters-col-md-2 gutters-col-0 gutters-col-v-lg-2 gutters-col-v-md-2 gutters-col-v-2\">\n          <!---->\n          <div class=\"h-column h-column-container d-flex h-col-lg-auto h-col-md-auto h-col-auto style-790-outer style-local-338-c4-outer\">\n            <div data-colibri-id=\"338-c4\" class=\"d-flex h-flex-basis h-column__inner h-px-lg-2 h-px-md-2 h-px-2 v-inner-lg-2 v-inner-md-2 v-inner-2 style-790 style-local-338-c4 position-relative\">\n              <!---->\n              <!---->\n              <div class=\"w-100 h-y-container h-column__content h-column__v-align flex-basis-100 align-self-lg-start align-self-md-start align-self-start\">\n                <!---->\n                <div data-colibri-id=\"338-c5\" class=\"h-global-transition-all h-heading style-792 style-local-338-c5 position-relative h-element\">\n                  <!---->\n                  <div class=\"h-heading__outer style-792 style-local-338-c5\">\n                    <!---->\n                    <!---->\n                    <h1 class=\"\">Kontakt<\/h1>\n                  <\/div>\n                <\/div>\n              <\/div>\n            <\/div>\n          <\/div>\n        <\/div>\n      <\/div>\n      <div data-colibri-id=\"338-c6\" class=\"h-row-container gutters-row-lg-2 gutters-row-md-2 gutters-row-0 gutters-row-v-lg-2 gutters-row-v-md-2 gutters-row-v-2 style-786 style-local-338-c6 position-relative\">\n        <!---->\n        <div class=\"h-row justify-content-lg-center justify-content-md-center justify-content-center align-items-lg-stretch align-items-md-stretch align-items-stretch gutters-col-lg-2 gutters-col-md-2 gutters-col-0 gutters-col-v-lg-2 gutters-col-v-md-2 gutters-col-v-2\">\n          <!---->\n          <div class=\"h-column h-column-container d-flex h-col-lg-auto h-col-md-auto h-col-auto style-787-outer style-local-338-c7-outer\">\n            <div data-colibri-id=\"338-c7\" class=\"d-flex h-flex-basis h-column__inner h-px-lg-2 h-px-md-2 h-px-2 v-inner-lg-2 v-inner-md-2 v-inner-2 style-787 style-local-338-c7 position-relative\">\n              <!---->\n              <!---->\n              <div class=\"w-100 h-y-container h-column__content h-column__v-align flex-basis-100 align-self-lg-start align-self-md-start align-self-start\">\n                <!---->\n                <div data-colibri-id=\"338-c8\" class=\"h-text h-text-component style-788 style-local-338-c8 position-relative h-element\">\n                  <!---->\n                  <!---->\n                  <div class=\"\">\n                    <p>Mareike Schreiber\n                      <br>Praxis f\u00fcr Psychotherapie nach dem Heilpraktikergesetz<\/p>\n                    <p>Tel.: 03531 501052\n                      <br>Mobil: 0151 40720574<\/p>\n                    <p>Mail: m.schreiber@psychotherapie-schreiber.de<\/p>\n                    <p>\n                      <br>\n                    <\/p>\n                    <p>Anfahrt\n                      <br>Kirchhainer Str. 54\n                      <br>03238 Finsterwalde<\/p>\n                    <p>Vom Krankenhaus kommend letztes Haus auf der rechten Seite vor dem Sportplatz. Parkfl\u00e4chen sind in unmittelbarer N\u00e4he.<\/p>\n                    <p>Meine Praxis liegt an der Hauptstra\u00dfe nach Doberlug-Kirchhain. Die nahe gelegene B96, die durch die S\u00e4ngerstadt Finsterwalde f\u00fchrt, stellt auch eine gute Verbindung von Luckau und Senftenberg dar. Auf der Landesstra\u00dfe L60 ist eine\n                      Anfahrt von Lauchhammer sowie auf der L62 von Elsterwerda m\u00f6glich. Auch die Autobahn-Anschlussstellen der A13 (Berlin-Dresden) Bronkow und Gro\u00dfr\u00e4schen liegen in nur ca. 18 km Entfernung.&nbsp;<\/p>\n                    <p>Das \u00d6PNV-Angebot der Elbe-Elster GmbH erm\u00f6glicht auch \u00fcberregionale Verbindungen von z.B. Herzberg (Elster), Schlieben, Bad Liebenwerda, Falkenberg\/Elster, M\u00fchlberg (Elbe) zum Finsterwalder Bahnhof. Vom Bahnhof (Strecke Cottbus &#8211; Calau\n                      &#8211; Leipzig) ist meine Praxis fu\u00dfl\u00e4ufig ca. 1km (ca. 13 Min. Fu\u00dfweg) entfernt.<\/p>\n                    <p>\n                      <br>\n                    <\/p>\n                  <\/div>\n                <\/div>\n              <\/div>\n            <\/div>\n          <\/div>\n        <\/div>\n      <\/div>\n    <\/div>\n  <\/div>\n<\/div>","protected":false},"excerpt":{"rendered":"<p>Kontakt Mareike Schreiber Praxis f\u00fcr Psychotherapie nach dem Heilpraktikergesetz Tel.: 03531 501052 Mobil: 0151 40720574 Mail: m.schreiber@psychotherapie-schreiber.de Anfahrt Kirchhainer Str. 54 03238 Finsterwalde Vom Krankenhaus kommend letztes Haus auf der rechten Seite vor dem Sportplatz. Parkfl\u00e4chen sind in unmittelbarer N\u00e4he. Meine Praxis liegt an der Hauptstra\u00dfe nach Doberlug-Kirchhain. Die nahe gelegene B96, die durch die [&hellip;]<\/p>\n","protected":false},"author":1,"featured_media":0,"parent":0,"menu_order":0,"comment_status":"closed","ping_status":"closed","template":"page-templates\/full-width-page.php","meta":{"footnotes":""},"yoast_head":"<!-- This site is optimized with the Yoast SEO plugin v22.7 - https:\/\/yoast.com\/wordpress\/plugins\/seo\/ -->\n<title>Kontakt - Mareike Schreiber psychotherapie-schreiber.de<\/title>\n<meta name=\"description\" content=\"Mareike Schreiber Praxis f\u00fcr Psychotherapie nach dem Heilpraktikergesetz Kirchhainer Str. 54 03238 Finsterwalde\" \/>\n<meta name=\"robots\" content=\"index, follow, max-snippet:-1, max-image-preview:large, max-video-preview:-1\" \/>\n<link rel=\"canonical\" href=\"https:\/\/psychotherapie-schreiber.de\/index.php\/kontakt\/\" \/>\n<meta property=\"og:locale\" content=\"de_DE\" \/>\n<meta property=\"og:type\" content=\"article\" \/>\n<meta property=\"og:title\" content=\"Kontakt - Mareike Schreiber psychotherapie-schreiber.de\" \/>\n<meta property=\"og:description\" content=\"Mareike Schreiber Praxis f\u00fcr Psychotherapie nach dem Heilpraktikergesetz Kirchhainer Str. 54 03238 Finsterwalde\" \/>\n<meta property=\"og:url\" content=\"https:\/\/psychotherapie-schreiber.de\/index.php\/kontakt\/\" \/>\n<meta property=\"og:site_name\" content=\"psychotherapie-schreiber.de\" \/>\n<meta property=\"article:modified_time\" content=\"2021-03-15T18:52:36+00:00\" \/>\n<meta name=\"twitter:card\" content=\"summary_large_image\" \/>\n<meta name=\"twitter:label1\" content=\"Gesch\u00e4tzte Lesezeit\" \/>\n\t<meta name=\"twitter:data1\" content=\"1\u00a0Minute\" \/>\n<script type=\"application\/ld+json\" class=\"yoast-schema-graph\">{\"@context\":\"https:\/\/schema.org\",\"@graph\":[{\"@type\":\"WebPage\",\"@id\":\"https:\/\/psychotherapie-schreiber.de\/index.php\/kontakt\/\",\"url\":\"https:\/\/psychotherapie-schreiber.de\/index.php\/kontakt\/\",\"name\":\"Kontakt - Mareike Schreiber psychotherapie-schreiber.de\",\"isPartOf\":{\"@id\":\"https:\/\/psychotherapie-schreiber.de\/#website\"},\"datePublished\":\"2019-01-28T16:52:50+00:00\",\"dateModified\":\"2021-03-15T18:52:36+00:00\",\"description\":\"Mareike Schreiber Praxis f\u00fcr Psychotherapie nach dem Heilpraktikergesetz Kirchhainer Str. 54 03238 Finsterwalde\",\"breadcrumb\":{\"@id\":\"https:\/\/psychotherapie-schreiber.de\/index.php\/kontakt\/#breadcrumb\"},\"inLanguage\":\"de\",\"potentialAction\":[{\"@type\":\"ReadAction\",\"target\":[\"https:\/\/psychotherapie-schreiber.de\/index.php\/kontakt\/\"]}]},{\"@type\":\"BreadcrumbList\",\"@id\":\"https:\/\/psychotherapie-schreiber.de\/index.php\/kontakt\/#breadcrumb\",\"itemListElement\":[{\"@type\":\"ListItem\",\"position\":1,\"name\":\"Home\",\"item\":\"https:\/\/psychotherapie-schreiber.de\/\"},{\"@type\":\"ListItem\",\"position\":2,\"name\":\"Kontakt\"}]},{\"@type\":\"WebSite\",\"@id\":\"https:\/\/psychotherapie-schreiber.de\/#website\",\"url\":\"https:\/\/psychotherapie-schreiber.de\/\",\"name\":\"psychotherapie-schreiber.de\",\"description\":\"Herzlich Willkommen in meiner Praxis f\u00fcr Psychotherapie nach dem Heilpraktikergesetz  Mareike Schreiber\",\"potentialAction\":[{\"@type\":\"SearchAction\",\"target\":{\"@type\":\"EntryPoint\",\"urlTemplate\":\"https:\/\/psychotherapie-schreiber.de\/?s={search_term_string}\"},\"query-input\":\"required name=search_term_string\"}],\"inLanguage\":\"de\"}]}<\/script>\n<!-- \/ Yoast SEO plugin. -->","yoast_head_json":{"title":"Kontakt - Mareike Schreiber psychotherapie-schreiber.de","description":"Mareike Schreiber Praxis f\u00fcr Psychotherapie nach dem Heilpraktikergesetz Kirchhainer Str. 54 03238 Finsterwalde","robots":{"index":"index","follow":"follow","max-snippet":"max-snippet:-1","max-image-preview":"max-image-preview:large","max-video-preview":"max-video-preview:-1"},"canonical":"https:\/\/psychotherapie-schreiber.de\/index.php\/kontakt\/","og_locale":"de_DE","og_type":"article","og_title":"Kontakt - Mareike Schreiber psychotherapie-schreiber.de","og_description":"Mareike Schreiber Praxis f\u00fcr Psychotherapie nach dem Heilpraktikergesetz Kirchhainer Str. 54 03238 Finsterwalde","og_url":"https:\/\/psychotherapie-schreiber.de\/index.php\/kontakt\/","og_site_name":"psychotherapie-schreiber.de","article_modified_time":"2021-03-15T18:52:36+00:00","twitter_card":"summary_large_image","twitter_misc":{"Gesch\u00e4tzte Lesezeit":"1\u00a0Minute"},"schema":{"@context":"https:\/\/schema.org","@graph":[{"@type":"WebPage","@id":"https:\/\/psychotherapie-schreiber.de\/index.php\/kontakt\/","url":"https:\/\/psychotherapie-schreiber.de\/index.php\/kontakt\/","name":"Kontakt - Mareike Schreiber psychotherapie-schreiber.de","isPartOf":{"@id":"https:\/\/psychotherapie-schreiber.de\/#website"},"datePublished":"2019-01-28T16:52:50+00:00","dateModified":"2021-03-15T18:52:36+00:00","description":"Mareike Schreiber Praxis f\u00fcr Psychotherapie nach dem Heilpraktikergesetz Kirchhainer Str. 54 03238 Finsterwalde","breadcrumb":{"@id":"https:\/\/psychotherapie-schreiber.de\/index.php\/kontakt\/#breadcrumb"},"inLanguage":"de","potentialAction":[{"@type":"ReadAction","target":["https:\/\/psychotherapie-schreiber.de\/index.php\/kontakt\/"]}]},{"@type":"BreadcrumbList","@id":"https:\/\/psychotherapie-schreiber.de\/index.php\/kontakt\/#breadcrumb","itemListElement":[{"@type":"ListItem","position":1,"name":"Home","item":"https:\/\/psychotherapie-schreiber.de\/"},{"@type":"ListItem","position":2,"name":"Kontakt"}]},{"@type":"WebSite","@id":"https:\/\/psychotherapie-schreiber.de\/#website","url":"https:\/\/psychotherapie-schreiber.de\/","name":"psychotherapie-schreiber.de","description":"Herzlich Willkommen in meiner Praxis f\u00fcr Psychotherapie nach dem Heilpraktikergesetz  Mareike Schreiber","potentialAction":[{"@type":"SearchAction","target":{"@type":"EntryPoint","urlTemplate":"https:\/\/psychotherapie-schreiber.de\/?s={search_term_string}"},"query-input":"required name=search_term_string"}],"inLanguage":"de"}]}},"_links":{"self":[{"href":"https:\/\/psychotherapie-schreiber.de\/index.php\/wp-json\/wp\/v2\/pages\/338"}],"collection":[{"href":"https:\/\/psychotherapie-schreiber.de\/index.php\/wp-json\/wp\/v2\/pages"}],"about":[{"href":"https:\/\/psychotherapie-schreiber.de\/index.php\/wp-json\/wp\/v2\/types\/page"}],"author":[{"embeddable":true,"href":"https:\/\/psychotherapie-schreiber.de\/index.php\/wp-json\/wp\/v2\/users\/1"}],"replies":[{"embeddable":true,"href":"https:\/\/psychotherapie-schreiber.de\/index.php\/wp-json\/wp\/v2\/comments?post=338"}],"version-history":[{"count":4,"href":"https:\/\/psychotherapie-schreiber.de\/index.php\/wp-json\/wp\/v2\/pages\/338\/revisions"}],"predecessor-version":[{"id":1558,"href":"https:\/\/psychotherapie-schreiber.de\/index.php\/wp-json\/wp\/v2\/pages\/338\/revisions\/1558"}],"wp:attachment":[{"href":"https:\/\/psychotherapie-schreiber.de\/index.php\/wp-json\/wp\/v2\/media?parent=338"}],"curies":[{"name":"wp","href":"https:\/\/api.w.org\/{rel}","templated":true}]}}