{"id":336,"date":"2019-01-28T16:52:50","date_gmt":"2019-01-28T16:52:50","guid":{"rendered":"http:\/\/10.44.205.4\/wp\/adi\/site-28jan19-1852\/?page_id=2"},"modified":"2023-01-09T20:23:34","modified_gmt":"2023-01-09T20:23:34","slug":"verfahren","status":"publish","type":"page","link":"https:\/\/psychotherapie-schreiber.de\/index.php\/verfahren\/","title":{"rendered":"Verfahren &#038; Behandlungsindikation"},"content":{"rendered":"<div data-colibri-id=\"336-c1\" class=\"style-652 style-local-336-c1 position-relative\">\n  <!---->\n  <div data-colibri-component=\"section\" data-colibri-id=\"336-c2\" id=\"overlappable\" class=\"h-section h-section-global-spacing d-flex align-items-lg-center align-items-md-center align-items-center style-664 style-local-336-c2 position-relative\">\n    <!---->\n    <!---->\n    <div class=\"h-section-grid-container h-section-boxed-container\">\n      <!---->\n      <div data-colibri-id=\"336-c3\" class=\"h-row-container gutters-row-lg-2 gutters-row-md-0 gutters-row-2 gutters-row-v-lg-2 gutters-row-v-md-0 gutters-row-v-2 style-665 style-local-336-c3 position-relative\">\n        <!---->\n        <div class=\"h-row justify-content-lg-center justify-content-md-center justify-content-center align-items-lg-stretch align-items-md-stretch align-items-stretch gutters-col-lg-2 gutters-col-md-0 gutters-col-2 gutters-col-v-lg-2 gutters-col-v-md-0 gutters-col-v-2\">\n          <!---->\n          <div class=\"h-column h-column-container d-flex h-col-lg-4 h-col-md-4 h-col-12 style-666-outer style-local-336-c4-outer\">\n            <div data-colibri-id=\"336-c4\" class=\"d-flex h-flex-basis h-column__inner h-px-lg-2 h-px-md-3 h-px-2 v-inner-lg-0 v-inner-md-3 v-inner-2 style-666 style-local-336-c4 position-relative\">\n              <!---->\n              <!---->\n              <div class=\"w-100 h-y-container h-column__content h-column__v-align flex-basis-100 align-self-lg-start align-self-md-start align-self-start\">\n                <!---->\n                <div data-colibri-id=\"336-c5\" class=\"h-icon style-667 style-local-336-c5 position-relative h-element\">\n                  <!----><span class=\"h-svg-icon h-icon__icon style-667-icon style-local-336-c5-icon\"><!--Icon by Font Awesome (https:\/\/fontawesome.com)--><svg version=\"1.1\" xmlns=\"http:\/\/www.w3.org\/2000\/svg\" xmlns:xlink=\"http:\/\/www.w3.org\/1999\/xlink\" id=\"th-large\" viewBox=\"0 0 1664 1896.0833\"><path d=\"M768 1024v384q0 52-38 90t-90 38H128q-52 0-90-38t-38-90v-384q0-52 38-90t90-38h512q52 0 90 38t38 90zm0-768v384q0 52-38 90t-90 38H128q-52 0-90-38T0 640V256q0-52 38-90t90-38h512q52 0 90 38t38 90zm896 768v384q0 52-38 90t-90 38h-512q-52 0-90-38t-38-90v-384q0-52 38-90t90-38h512q52 0 90 38t38 90zm0-768v384q0 52-38 90t-90 38h-512q-52 0-90-38t-38-90V256q0-52 38-90t90-38h512q52 0 90 38t38 90z\"><\/path><\/svg><\/span><\/div>\n                <div\n                  data-colibri-id=\"336-c6\" class=\"h-global-transition-all h-heading style-668 style-local-336-c6 position-relative h-element\">\n                  <!---->\n                  <div class=\"h-heading__outer style-668 style-local-336-c6\">\n                    <!---->\n                    <!---->\n                    <h5 class=\"\">Verfahren<\/h5>\n                  <\/div>\n              <\/div>\n              <div data-colibri-id=\"336-c7\" class=\"h-text h-text-component style-669 style-local-336-c7 position-relative h-element\">\n                <!---->\n                <!---->\n                <div class=\"\">\n                  <ul>\n                    <li>Gespr\u00e4chspsychotherapie<\/li>\n                    <li>Kompetenzfokussierte Systemische Hypnose und Hypnotherapie<\/li>\n                    <li>Hypnose und Hypnotherapie in Medizin und Psychotherapie<\/li>\n                    <li>Entspannungstechniken\n                      <br>&nbsp;&#8211; Progressive Muskelrelaxation\n                      <br>&nbsp;&#8211; Autogenes Training<\/li>\n                    <li>M\u00f6glich ist die Therapiebegleitung durch Hund Janosch<\/li>\n                  <\/ul>\n                  <p>\n                    <br>\n                  <\/p>\n                <\/div>\n              <\/div>\n            <\/div>\n          <\/div>\n        <\/div>\n        <div class=\"h-column h-column-container d-flex h-col-lg-4 h-col-md-4 h-col-12 style-666-outer style-local-336-c8-outer\">\n          <div data-colibri-id=\"336-c8\" class=\"d-flex h-flex-basis h-column__inner h-px-lg-2 h-px-md-3 h-px-2 v-inner-lg-0 v-inner-md-3 v-inner-2 style-666 style-local-336-c8 position-relative\">\n            <!---->\n            <!---->\n            <div class=\"w-100 h-y-container h-column__content h-column__v-align flex-basis-100 align-self-lg-start align-self-md-start align-self-start\">\n              <!---->\n              <div data-colibri-id=\"336-c9\" class=\"h-icon style-667 style-local-336-c9 position-relative h-element\">\n                <!----><span class=\"h-svg-icon h-icon__icon style-667-icon style-local-336-c9-icon\"><!--Icon by Icons8 Line Awesome (https:\/\/icons8.com\/line-awesome)--><svg version=\"1.1\" xmlns=\"http:\/\/www.w3.org\/2000\/svg\" xmlns:xlink=\"http:\/\/www.w3.org\/1999\/xlink\" id=\"gears\" viewBox=\"0 0 512 545.5\"><path d=\"M344 72h32v22.5c13.256 2.334 25.375 7.58 36 15l15-15 22.5 22.5-15 15c7.42 10.625 12.666 22.744 15 36H472v32h-22.5c-2.357 13.388-7.46 25.802-15 36.5L450 253l-23.5 22-15-16c-10.494 7.212-22.48 12.208-35.5 14.5V296h-32v-22.5c-13.256-2.334-25.375-7.58-36-15l-16.5 17-23-23 17-16.5c-7.42-10.625-12.666-22.744-15-36H248v-32h22.5c2.292-13.02 7.288-25.006 14.5-35.5l-16-15L291 94l16.5 15.5c10.698-7.54 23.112-12.643 36.5-15V72zm16 53c-32.885 0-59 26.115-59 59s26.115 59 59 59 59-26.115 59-59-26.115-59-59-59zm-207.5 94.5l11.5 29c8.477-2.118 17.388-3.5 26.5-3.5 9.13 0 18.015 1.362 26.5 3.5l11.5-29 29.5 12-11.5 29c15.108 9.133 27.874 21.944 37 37l29-11.5 12 29.5-29 11.5c2.118 8.458 3.5 17.388 3.5 26.5s-1.382 18.023-3.5 26.5l29 11.5-12 29.5-29-11.5c-9.107 15.23-21.88 28.264-37 37.5l11.5 28.5-29.5 12L217 459c-8.458 2.138-17.388 3.5-26.5 3.5-9.166 0-17.972-1.345-26.5-3.5l-11.5 28.5-29.5-12 11.5-28.5c-15.37-9.23-28.246-22.145-37.5-37.5L68.5 421l-12-29.5L85 380c-2.138-8.477-3.5-17.388-3.5-26.5s1.362-18.042 3.5-26.5l-28.5-11.5 12-29.5L97 297.5c9.236-15.12 22.27-27.893 37.5-37l-11.5-29zm38 57.5c-42.605 0-77 33.895-77 76.5s34.395 77 77 77 76.5-34.395 76.5-77-33.895-76.5-76.5-76.5z\"><\/path><\/svg><\/span><\/div>\n              <div\n                data-colibri-id=\"336-c10\" class=\"h-global-transition-all h-heading style-668 style-local-336-c10 position-relative h-element\">\n                <!---->\n                <div class=\"h-heading__outer style-668 style-local-336-c10\">\n                  <!---->\n                  <!---->\n                  <h5 class=\"\">Behandlungsindikation<\/h5>\n                <\/div>\n            <\/div>\n            <div data-colibri-id=\"336-c11\" class=\"h-text h-text-component style-669 style-local-336-c11 position-relative h-element\">\n              <!---->\n              <!---->\n              <div class=\"\">\n                <ul>\n                  <li>Allgemeine psychische St\u00f6rungen<\/li>\n                  <li>\u00c4ngste \/ Phobien<\/li>\n                  <li>Depressionen<\/li>\n                  <li>Essst\u00f6rungen<\/li>\n                  <li>Schmerzen ohne organische Ursache<\/li>\n                  <li>Stress \u2013 Burnout \u2013 Mobbing<\/li>\n                  <li>Sucht<\/li>\n                  <li>Trauerbew\u00e4ltigung<\/li>\n                  <li>Psychische St\u00f6rungen bei Kindern u. Jugendlichen<\/li>\n                  <li>Mangelndes Selbstwertgef\u00fchl<\/li>\n                  <li>Schlafst\u00f6rungen<\/li>\n                  <li>Panikst\u00f6rungen<\/li>\n                  <li>innere Konflikte<\/li>\n                  <li>Beziehungsst\u00f6rungen<\/li>\n                <\/ul>\n                <p>\n                  <br>\n                <\/p>\n              <\/div>\n            <\/div>\n          <\/div>\n        <\/div>\n      <\/div>\n    <\/div>\n  <\/div>\n<\/div>\n<\/div>\n<\/div>","protected":false},"excerpt":{"rendered":"<p>Verfahren Gespr\u00e4chspsychotherapie Kompetenzfokussierte Systemische Hypnose und Hypnotherapie Hypnose und Hypnotherapie in Medizin und Psychotherapie Entspannungstechniken &nbsp;&#8211; Progressive Muskelrelaxation &nbsp;&#8211; Autogenes Training M\u00f6glich ist die Therapiebegleitung durch Hund Janosch Behandlungsindikation Allgemeine psychische St\u00f6rungen \u00c4ngste \/ Phobien Depressionen Essst\u00f6rungen Schmerzen ohne organische Ursache Stress \u2013 Burnout \u2013 Mobbing Sucht Trauerbew\u00e4ltigung Psychische St\u00f6rungen bei Kindern u. Jugendlichen Mangelndes [&hellip;]<\/p>\n","protected":false},"author":1,"featured_media":0,"parent":0,"menu_order":0,"comment_status":"closed","ping_status":"closed","template":"page-templates\/full-width-page.php","meta":{"footnotes":""},"yoast_head":"<!-- This site is optimized with the Yoast SEO plugin v22.7 - https:\/\/yoast.com\/wordpress\/plugins\/seo\/ -->\n<title>Verfahren &amp; Behandlungsindikation - psychotherapie-schreiber.de<\/title>\n<meta name=\"robots\" content=\"index, follow, max-snippet:-1, max-image-preview:large, max-video-preview:-1\" \/>\n<link rel=\"canonical\" href=\"https:\/\/psychotherapie-schreiber.de\/index.php\/verfahren\/\" \/>\n<meta property=\"og:locale\" content=\"de_DE\" \/>\n<meta property=\"og:type\" content=\"article\" \/>\n<meta property=\"og:title\" content=\"Verfahren &amp; Behandlungsindikation - psychotherapie-schreiber.de\" \/>\n<meta property=\"og:description\" content=\"Verfahren Gespr\u00e4chspsychotherapie Kompetenzfokussierte Systemische Hypnose und Hypnotherapie Hypnose und Hypnotherapie in Medizin und Psychotherapie Entspannungstechniken &nbsp;&#8211; Progressive Muskelrelaxation &nbsp;&#8211; Autogenes Training M\u00f6glich ist die Therapiebegleitung durch Hund Janosch Behandlungsindikation Allgemeine psychische St\u00f6rungen \u00c4ngste \/ Phobien Depressionen Essst\u00f6rungen Schmerzen ohne organische Ursache Stress \u2013 Burnout \u2013 Mobbing Sucht Trauerbew\u00e4ltigung Psychische St\u00f6rungen bei Kindern u. Jugendlichen Mangelndes [&hellip;]\" \/>\n<meta property=\"og:url\" content=\"https:\/\/psychotherapie-schreiber.de\/index.php\/verfahren\/\" \/>\n<meta property=\"og:site_name\" content=\"psychotherapie-schreiber.de\" \/>\n<meta property=\"article:modified_time\" content=\"2023-01-09T20:23:34+00:00\" \/>\n<meta name=\"twitter:card\" content=\"summary_large_image\" \/>\n<script type=\"application\/ld+json\" class=\"yoast-schema-graph\">{\"@context\":\"https:\/\/schema.org\",\"@graph\":[{\"@type\":\"WebPage\",\"@id\":\"https:\/\/psychotherapie-schreiber.de\/index.php\/verfahren\/\",\"url\":\"https:\/\/psychotherapie-schreiber.de\/index.php\/verfahren\/\",\"name\":\"Verfahren & Behandlungsindikation - psychotherapie-schreiber.de\",\"isPartOf\":{\"@id\":\"https:\/\/psychotherapie-schreiber.de\/#website\"},\"datePublished\":\"2019-01-28T16:52:50+00:00\",\"dateModified\":\"2023-01-09T20:23:34+00:00\",\"breadcrumb\":{\"@id\":\"https:\/\/psychotherapie-schreiber.de\/index.php\/verfahren\/#breadcrumb\"},\"inLanguage\":\"de\",\"potentialAction\":[{\"@type\":\"ReadAction\",\"target\":[\"https:\/\/psychotherapie-schreiber.de\/index.php\/verfahren\/\"]}]},{\"@type\":\"BreadcrumbList\",\"@id\":\"https:\/\/psychotherapie-schreiber.de\/index.php\/verfahren\/#breadcrumb\",\"itemListElement\":[{\"@type\":\"ListItem\",\"position\":1,\"name\":\"Home\",\"item\":\"https:\/\/psychotherapie-schreiber.de\/\"},{\"@type\":\"ListItem\",\"position\":2,\"name\":\"Verfahren &#038; Behandlungsindikation\"}]},{\"@type\":\"WebSite\",\"@id\":\"https:\/\/psychotherapie-schreiber.de\/#website\",\"url\":\"https:\/\/psychotherapie-schreiber.de\/\",\"name\":\"psychotherapie-schreiber.de\",\"description\":\"Herzlich Willkommen in meiner Praxis f\u00fcr Psychotherapie nach dem Heilpraktikergesetz  Mareike Schreiber\",\"potentialAction\":[{\"@type\":\"SearchAction\",\"target\":{\"@type\":\"EntryPoint\",\"urlTemplate\":\"https:\/\/psychotherapie-schreiber.de\/?s={search_term_string}\"},\"query-input\":\"required name=search_term_string\"}],\"inLanguage\":\"de\"}]}<\/script>\n<!-- \/ Yoast SEO plugin. -->","yoast_head_json":{"title":"Verfahren & Behandlungsindikation - psychotherapie-schreiber.de","robots":{"index":"index","follow":"follow","max-snippet":"max-snippet:-1","max-image-preview":"max-image-preview:large","max-video-preview":"max-video-preview:-1"},"canonical":"https:\/\/psychotherapie-schreiber.de\/index.php\/verfahren\/","og_locale":"de_DE","og_type":"article","og_title":"Verfahren & Behandlungsindikation - psychotherapie-schreiber.de","og_description":"Verfahren Gespr\u00e4chspsychotherapie Kompetenzfokussierte Systemische Hypnose und Hypnotherapie Hypnose und Hypnotherapie in Medizin und Psychotherapie Entspannungstechniken &nbsp;&#8211; Progressive Muskelrelaxation &nbsp;&#8211; Autogenes Training M\u00f6glich ist die Therapiebegleitung durch Hund Janosch Behandlungsindikation Allgemeine psychische St\u00f6rungen \u00c4ngste \/ Phobien Depressionen Essst\u00f6rungen Schmerzen ohne organische Ursache Stress \u2013 Burnout \u2013 Mobbing Sucht Trauerbew\u00e4ltigung Psychische St\u00f6rungen bei Kindern u. Jugendlichen Mangelndes [&hellip;]","og_url":"https:\/\/psychotherapie-schreiber.de\/index.php\/verfahren\/","og_site_name":"psychotherapie-schreiber.de","article_modified_time":"2023-01-09T20:23:34+00:00","twitter_card":"summary_large_image","schema":{"@context":"https:\/\/schema.org","@graph":[{"@type":"WebPage","@id":"https:\/\/psychotherapie-schreiber.de\/index.php\/verfahren\/","url":"https:\/\/psychotherapie-schreiber.de\/index.php\/verfahren\/","name":"Verfahren & Behandlungsindikation - psychotherapie-schreiber.de","isPartOf":{"@id":"https:\/\/psychotherapie-schreiber.de\/#website"},"datePublished":"2019-01-28T16:52:50+00:00","dateModified":"2023-01-09T20:23:34+00:00","breadcrumb":{"@id":"https:\/\/psychotherapie-schreiber.de\/index.php\/verfahren\/#breadcrumb"},"inLanguage":"de","potentialAction":[{"@type":"ReadAction","target":["https:\/\/psychotherapie-schreiber.de\/index.php\/verfahren\/"]}]},{"@type":"BreadcrumbList","@id":"https:\/\/psychotherapie-schreiber.de\/index.php\/verfahren\/#breadcrumb","itemListElement":[{"@type":"ListItem","position":1,"name":"Home","item":"https:\/\/psychotherapie-schreiber.de\/"},{"@type":"ListItem","position":2,"name":"Verfahren &#038; Behandlungsindikation"}]},{"@type":"WebSite","@id":"https:\/\/psychotherapie-schreiber.de\/#website","url":"https:\/\/psychotherapie-schreiber.de\/","name":"psychotherapie-schreiber.de","description":"Herzlich Willkommen in meiner Praxis f\u00fcr Psychotherapie nach dem Heilpraktikergesetz  Mareike Schreiber","potentialAction":[{"@type":"SearchAction","target":{"@type":"EntryPoint","urlTemplate":"https:\/\/psychotherapie-schreiber.de\/?s={search_term_string}"},"query-input":"required name=search_term_string"}],"inLanguage":"de"}]}},"_links":{"self":[{"href":"https:\/\/psychotherapie-schreiber.de\/index.php\/wp-json\/wp\/v2\/pages\/336"}],"collection":[{"href":"https:\/\/psychotherapie-schreiber.de\/index.php\/wp-json\/wp\/v2\/pages"}],"about":[{"href":"https:\/\/psychotherapie-schreiber.de\/index.php\/wp-json\/wp\/v2\/types\/page"}],"author":[{"embeddable":true,"href":"https:\/\/psychotherapie-schreiber.de\/index.php\/wp-json\/wp\/v2\/users\/1"}],"replies":[{"embeddable":true,"href":"https:\/\/psychotherapie-schreiber.de\/index.php\/wp-json\/wp\/v2\/comments?post=336"}],"version-history":[{"count":10,"href":"https:\/\/psychotherapie-schreiber.de\/index.php\/wp-json\/wp\/v2\/pages\/336\/revisions"}],"predecessor-version":[{"id":1666,"href":"https:\/\/psychotherapie-schreiber.de\/index.php\/wp-json\/wp\/v2\/pages\/336\/revisions\/1666"}],"wp:attachment":[{"href":"https:\/\/psychotherapie-schreiber.de\/index.php\/wp-json\/wp\/v2\/media?parent=336"}],"curies":[{"name":"wp","href":"https:\/\/api.w.org\/{rel}","templated":true}]}}